{"id":11,"date":"2024-08-16T18:24:08","date_gmt":"2024-08-16T18:24:08","guid":{"rendered":"https:\/\/projectpo.pl\/index.php\/home\/"},"modified":"2024-08-26T17:49:30","modified_gmt":"2024-08-26T17:49:30","slug":"home","status":"publish","type":"page","link":"https:\/\/projectpo.pl\/","title":{"rendered":""},"content":{"rendered":"\n<div class=\"wp-block-group alignfull\" id=\"home\"><div class=\"wp-block-group__inner-container is-layout-constrained wp-block-group-is-layout-constrained\">\n<h1 class=\"wp-block-heading\" style=\"font-size:45px\"><strong>Witaj na stronie<\/strong><\/h1>\n\n\n\n<div class=\"wp-block-columns is-layout-flex wp-container-core-columns-is-layout-9d6595d7 wp-block-columns-is-layout-flex\">\n<div class=\"wp-block-column is-layout-flow wp-block-column-is-layout-flow\" style=\"flex-basis:33.33%\">\n<figure class=\"wp-block-image size-large\"><img loading=\"lazy\" decoding=\"async\" width=\"730\" height=\"1024\" src=\"http:\/\/projectpo.pl\/wp-content\/uploads\/2024\/08\/Zdjecie-z-pinteresta-3-2-730x1024.jpg\" alt=\"\" class=\"wp-image-73\" srcset=\"https:\/\/projectpo.pl\/wp-content\/uploads\/2024\/08\/Zdjecie-z-pinteresta-3-2-730x1024.jpg 730w, https:\/\/projectpo.pl\/wp-content\/uploads\/2024\/08\/Zdjecie-z-pinteresta-3-2-214x300.jpg 214w, https:\/\/projectpo.pl\/wp-content\/uploads\/2024\/08\/Zdjecie-z-pinteresta-3-2-768x1077.jpg 768w, https:\/\/projectpo.pl\/wp-content\/uploads\/2024\/08\/Zdjecie-z-pinteresta-3-2.jpg 1092w\" sizes=\"auto, (max-width: 730px) 100vw, 730px\" \/><\/figure>\n<\/div>\n\n\n\n<div class=\"wp-block-column is-layout-flow wp-block-column-is-layout-flow\" style=\"flex-basis:66.66%\">\n<p style=\"font-size:25px\"><strong>Moje Us\u0142ugi to Project Management<\/strong><\/p>\n\n\n\n<p style=\"font-size:20px\"><br>Pe\u0142en zakres us\u0142ug zwi\u0105zanych z projektowaniem wn\u0119trz i realizacj\u0105 \u201epod klucz\u201d.<\/p>\n\n\n\n<ul class=\"wp-block-list\">\n<li style=\"font-size:20px\">Przygotowanie szczeg\u00f3\u0142owej specyfikacji i kosztorysu wyposa\u017cenia<\/li>\n\n\n\n<li style=\"font-size:20px\">Nadz\u00f3r nad realizacj\u0105 projekt\u00f3w \u201epod klucz\u201d mniejsze detale, aby ka\u017cdy projekt spe\u0142nia\u0142 najwy\u017csze standardy jako\u015bci.<\/li>\n\n\n\n<li style=\"font-size:20px\">Opracowanie harmonogram\u00f3w i bud\u017cetu projekt\u00f3w<\/li>\n\n\n\n<li style=\"font-size:20px\">Przygotowywanie ofert i realizacja zam\u00f3wie\u0144<\/li>\n<\/ul>\n<\/div>\n<\/div>\n\n\n\n<div class=\"wp-block-group alignfull\"><div class=\"wp-block-group__inner-container is-layout-constrained wp-block-group-is-layout-constrained\">\n<div class=\"wp-block-buttons is-layout-flex wp-block-buttons-is-layout-flex\"><\/div>\n\n\n\n<p><\/p>\n<\/div><\/div>\n<\/div><\/div>\n\n\n\n<div class=\"wp-block-group alignfull has-background\" style=\"background-color:#e5e5e5\"><div class=\"wp-block-group__inner-container is-layout-constrained wp-block-group-is-layout-constrained\">\n<div class=\"wp-block-group\"><div class=\"wp-block-group__inner-container is-layout-constrained wp-block-group-is-layout-constrained\">\n<h1 class=\"wp-block-heading has-text-align-left\" id=\"o-mnie\" style=\"font-size:45px\"><strong>O mnie<\/strong><\/h1>\n\n\n\n<div class=\"wp-block-columns is-layout-flex wp-container-core-columns-is-layout-9d6595d7 wp-block-columns-is-layout-flex\">\n<div class=\"wp-block-column is-layout-flow wp-block-column-is-layout-flow\">\n<div style=\"height:102px\" aria-hidden=\"true\" class=\"wp-block-spacer\"><\/div>\n\n\n\n<p><\/p>\n\n\n\n<p class=\"has-text-align-left\" style=\"font-size:20px\">Nazywam si\u0119 Paulina Olkowska. Jestem do\u015bwiadczonym project managerem, specjalizuj\u0105cym si\u0119 w kompleksowych projektach wyko\u0144czeniowych oraz nadzorze realizacji w zakresie projektowania wn\u0119trz, od kameralnych mieszka\u0144 po przestronne domy i apartamenty. Moja pasja do tworzenia unikalnych przestrzeni, kt\u00f3re harmonijnie \u0142\u0105cz\u0105 estetyk\u0119 z funkcjonalno\u015bci\u0105, pozwala mi realizowa\u0107 wn\u0119trza na najwy\u017cszym poziomie.<br>Ka\u017cda przestrze\u0144, nad kt\u00f3r\u0105 pracuj\u0119, to dba\u0142o\u015b\u0107 o detale i funkcjonalno\u015b\u0107.<br>Wsp\u00f3\u0142pracuj\u0119 z zaufanymi wykonawcami i rzemie\u015blnikami, co pozwala mi gwarantowa\u0107 najwy\u017csz\u0105 jako\u015b\u0107 wyko\u0144czenia, a tak\u017ce terminowo\u015b\u0107 realizacji.<\/p>\n<\/div>\n\n\n\n<div class=\"wp-block-column is-layout-flow wp-block-column-is-layout-flow\"><div class=\"wp-block-image\">\n<figure class=\"aligncenter size-large is-resized\"><img loading=\"lazy\" decoding=\"async\" width=\"768\" height=\"1024\" src=\"https:\/\/projectpo.pl\/wp-content\/uploads\/2024\/08\/c768b82a-9ea8-4430-a875-3d6d9d276953-768x1024.jpg\" alt=\"\" class=\"wp-image-162\" style=\"width:575px;height:auto\" srcset=\"https:\/\/projectpo.pl\/wp-content\/uploads\/2024\/08\/c768b82a-9ea8-4430-a875-3d6d9d276953-768x1024.jpg 768w, https:\/\/projectpo.pl\/wp-content\/uploads\/2024\/08\/c768b82a-9ea8-4430-a875-3d6d9d276953-225x300.jpg 225w, https:\/\/projectpo.pl\/wp-content\/uploads\/2024\/08\/c768b82a-9ea8-4430-a875-3d6d9d276953-1152x1536.jpg 1152w, https:\/\/projectpo.pl\/wp-content\/uploads\/2024\/08\/c768b82a-9ea8-4430-a875-3d6d9d276953.jpg 1536w\" sizes=\"auto, (max-width: 768px) 100vw, 768px\" \/><\/figure>\n<\/div><\/div>\n<\/div>\n<\/div><\/div>\n<\/div><\/div>\n\n\n\n<div class=\"wp-block-group alignfull\"><div class=\"wp-block-group__inner-container is-layout-constrained wp-block-group-is-layout-constrained\">\n<p id=\"zrealizowane-projekty\" style=\"font-size:45px\"><strong>Zrealizowane Projekty<\/strong><\/p>\n\n\n\n<p style=\"font-size:20px\">Luksusowe apartamenty, przytulne domy jednorodzinne oraz klimatyczne pensjonaty na malowniczym Podhalu i jego okolicach.<br><br>We wsp\u00f3\u0142pracy ze pracowni\u0105 architektoniczn\u0105 Studio Formy, wsp\u00f3lnie zamieniamy marzenia o idealnym wn\u0119trzu w rzeczywisto\u015b\u0107<\/p>\n\n\n\n<ul class=\"wp-block-list\">\n<li style=\"font-size:18px\"><strong>Bia\u0142ka Spa &amp; Resort<\/strong>&nbsp;\u2013 ekskluzywne apartamenty w Bia\u0142ce Tatrza\u0144skiej, stworzone z my\u015bl\u0105 o komfortowym wypoczynku w otoczeniu g\u00f3rskiej natury.<\/li>\n\n\n\n<li style=\"font-size:18px\"><strong>Royal Resort<\/strong>&nbsp;\u2013 presti\u017cowe apartamenty w sercu Zakopanego, \u0142\u0105cz\u0105ce nowoczesno\u015b\u0107 z tradycyjnym stylem podhala\u0144skim.<\/li>\n\n\n\n<li style=\"font-size:18px\"><strong>Antalovka Residence<\/strong>&nbsp;\u2013 apartamenty w Zakopanem, gdzie ka\u017cdy szczeg\u00f3\u0142 zosta\u0142 zaprojektowany z my\u015bl\u0105 o luksusie i wygodzie.<\/li>\n\n\n\n<li style=\"font-size:18px\"><strong>Bia\u0142ka Residence Ski<\/strong>&nbsp;oraz&nbsp;<strong>Bia\u0142ka Residence Boutique<\/strong>&nbsp;\u2013 wyj\u0105tkowe apartamenty w Bia\u0142ce Tatrza\u0144skiej, idealne dla mi\u0142o\u015bnik\u00f3w zimowych aktywno\u015bci.<\/li>\n\n\n\n<li style=\"font-size:18px\"><strong>Lucylla Aparthotel<\/strong>&nbsp;\u2013 eleganckie apartamenty w Zakopanem, \u0142\u0105cz\u0105ce nowoczesny design z g\u00f3ralskim klimatem.<\/li>\n\n\n\n<li style=\"font-size:18px\"><strong>Tatra Resort<\/strong>&nbsp;\u2013 apartamenty w Ko\u015bcielisku, oferuj\u0105ce niesamowite widoki na Tatry.<\/li>\n\n\n\n<li style=\"font-size:18px\"><strong>Royal Hill<\/strong>&nbsp;\u2013 luksusowe apartamenty w Zakopanem, gdzie nowoczesno\u015b\u0107 spotyka si\u0119 z g\u00f3rsk\u0105 tradycj\u0105.<\/li>\n\n\n\n<li style=\"font-size:18px\"><strong>Modrzejewska Residence<\/strong>&nbsp;\u2013 apartamenty w Zakopanem, zaprojektowane z my\u015bl\u0105 o najbardziej wymagaj\u0105cych klientach.<\/li>\n\n\n\n<li style=\"font-size:18px\"><strong>Etiuda Zakopane<\/strong>&nbsp;\u2013 urokliwe domki w Zakopanem, idealne dla os\u00f3b szukaj\u0105cych spokoju i blisko\u015bci natury.<\/li>\n\n\n\n<li style=\"font-size:18px\"><strong>G\u00f3ralskie Zaloty<\/strong>&nbsp;\u2013 domki w Ko\u015bcielisku, gdzie tradycyjna architektura g\u00f3ralska \u0142\u0105czy si\u0119 z nowoczesnym komfortem.<\/li>\n<\/ul>\n\n\n\n<div class=\"wp-block-columns is-layout-flex wp-container-core-columns-is-layout-9d6595d7 wp-block-columns-is-layout-flex\">\n<div class=\"wp-block-column is-layout-flow wp-block-column-is-layout-flow\"><div class=\"wp-block-image\">\n<figure class=\"aligncenter size-large is-resized\"><img loading=\"lazy\" decoding=\"async\" width=\"768\" height=\"1024\" src=\"https:\/\/projectpo.pl\/wp-content\/uploads\/2024\/08\/IMG-20240807-WA0013-768x1024.jpg\" alt=\"\" class=\"wp-image-79\" style=\"width:330px\" srcset=\"https:\/\/projectpo.pl\/wp-content\/uploads\/2024\/08\/IMG-20240807-WA0013-768x1024.jpg 768w, https:\/\/projectpo.pl\/wp-content\/uploads\/2024\/08\/IMG-20240807-WA0013-225x300.jpg 225w, https:\/\/projectpo.pl\/wp-content\/uploads\/2024\/08\/IMG-20240807-WA0013-1152x1536.jpg 1152w, https:\/\/projectpo.pl\/wp-content\/uploads\/2024\/08\/IMG-20240807-WA0013.jpg 1200w\" sizes=\"auto, (max-width: 768px) 100vw, 768px\" \/><\/figure>\n<\/div><\/div>\n\n\n\n<div class=\"wp-block-column is-layout-flow wp-block-column-is-layout-flow\"><div class=\"wp-block-image\">\n<figure class=\"aligncenter size-large is-resized\"><img loading=\"lazy\" decoding=\"async\" width=\"768\" height=\"1024\" src=\"https:\/\/projectpo.pl\/wp-content\/uploads\/2024\/08\/IMG-20240807-WA0012-768x1024.jpg\" alt=\"\" class=\"wp-image-81\" style=\"width:330px\" srcset=\"https:\/\/projectpo.pl\/wp-content\/uploads\/2024\/08\/IMG-20240807-WA0012-768x1024.jpg 768w, https:\/\/projectpo.pl\/wp-content\/uploads\/2024\/08\/IMG-20240807-WA0012-225x300.jpg 225w, https:\/\/projectpo.pl\/wp-content\/uploads\/2024\/08\/IMG-20240807-WA0012-1152x1536.jpg 1152w, https:\/\/projectpo.pl\/wp-content\/uploads\/2024\/08\/IMG-20240807-WA0012.jpg 1200w\" sizes=\"auto, (max-width: 768px) 100vw, 768px\" \/><\/figure>\n<\/div><\/div>\n\n\n\n<div class=\"wp-block-column is-layout-flow wp-block-column-is-layout-flow\"><div class=\"wp-block-image\">\n<figure class=\"aligncenter size-large is-resized\"><img loading=\"lazy\" decoding=\"async\" width=\"768\" height=\"1024\" src=\"https:\/\/projectpo.pl\/wp-content\/uploads\/2024\/08\/IMG-20240807-WA0015-768x1024.jpg\" alt=\"\" class=\"wp-image-82\" style=\"width:330px\" srcset=\"https:\/\/projectpo.pl\/wp-content\/uploads\/2024\/08\/IMG-20240807-WA0015-768x1024.jpg 768w, https:\/\/projectpo.pl\/wp-content\/uploads\/2024\/08\/IMG-20240807-WA0015-225x300.jpg 225w, https:\/\/projectpo.pl\/wp-content\/uploads\/2024\/08\/IMG-20240807-WA0015-1152x1536.jpg 1152w, https:\/\/projectpo.pl\/wp-content\/uploads\/2024\/08\/IMG-20240807-WA0015.jpg 1200w\" sizes=\"auto, (max-width: 768px) 100vw, 768px\" \/><\/figure>\n<\/div><\/div>\n<\/div>\n<\/div><\/div>\n\n\n\n<div class=\"wp-block-group alignfull\"><div class=\"wp-block-group__inner-container is-layout-constrained wp-block-group-is-layout-constrained\">\n<div class=\"wp-block-group alignfull has-background\" style=\"background-color:#e5e5e5\"><div class=\"wp-block-group__inner-container is-layout-constrained wp-block-group-is-layout-constrained\">\n<h1 class=\"wp-block-heading\" id=\"wspolpraca\" style=\"font-size:45px\"><strong>Zapraszam do Wsp\u00f3\u0142pracy!<\/strong><\/h1>\n\n\n\n<p class=\"has-medium-font-size\"><strong>Co mog\u0119 dla Ciebie zrobi\u0107? Mo\u017ce wszystko?<\/strong><\/p>\n\n\n\n<ul class=\"wp-block-list\">\n<li style=\"font-size:18px\"><strong>Bezpo\u015bredni kontakt z inwestorami<\/strong>: rozmowa i zrozumienie potrzeb i oczekiwa\u0144 klienta to kluczowy etap, kt\u00f3ry pozwala na stworzenie projektu idealnie dopasowanego do indywidualnych wymaga\u0144.<\/li>\n\n\n\n<li style=\"font-size:18px\"><strong>Wsp\u00f3\u0142praca z wykonawcami<\/strong>: tylko zaufanymi i najlepsi specjali\u015bci w swoim fachu to gwarancja najwy\u017cszych standard\u00f3w i jako\u015bci.<\/li>\n\n\n\n<li style=\"font-size:18px\"><strong>Przygotowanie projektu wn\u0119trz<\/strong>: we wsp\u00f3\u0142pracy z pracowni\u0105 projektow\u0105 tworzymy niepowtarzalne wn\u0119trza dostosowane do potrzeb inwestora.<\/li>\n\n\n\n<li style=\"font-size:18px\"><strong>Specyfikacja i kosztorys wyposa\u017cenia wn\u0119trz<\/strong>: szczeg\u00f3\u0142owa specyfikacja oraz kosztorys pozwala na precyzyjne oszacowanie koszt\u00f3w i pe\u0142n\u0105 kontrol\u0119 nad bud\u017cetem od samego pocz\u0105tku.<\/li>\n\n\n\n<li style=\"font-size:18px\"><strong>Opracowanie harmonogram\u00f3w<\/strong>: Ka\u017cdy projekt to czas i pieni\u0105dz. Harmonogramy prac oraz bud\u017cet zapewniaj\u0105 p\u0142ynno\u015b\u0107 realizacji i eliminuj\u0105 ryzyko op\u00f3\u017anie\u0144.<\/li>\n\n\n\n<li style=\"font-size:18px\"><strong>Prowadzenie nadzoru wyko\u0144czenia \u201epod klucz\u201d<\/strong>: inwestor mo\u017ce spa\u0107 spokojnie. kompleksowy nadz\u00f3r nad realizacj\u0105 projektu, a\u017c do momentu jego zako\u0144czenia i przekazania inwestorowi gotowego wn\u0119trza.<\/li>\n\n\n\n<li style=\"font-size:18px\"><strong>Rozliczanie projekt\u00f3w<\/strong>: kompleksowe rozliczenie inwestycji czyli pe\u0142ny wgl\u0105d w koszty i przebieg realizacji.<\/li>\n\n\n\n<li style=\"font-size:18px\"><strong>Project management i zast\u0119pstwo inwestycyjne<\/strong>: zarz\u0105dzanie ca\u0142ym projektem w imieniu inwestora, dbaj\u0105c o ka\u017cdy szczeg\u00f3\u0142 od pocz\u0105tku do ko\u0144ca<\/li>\n<\/ul>\n<\/div><\/div>\n<\/div><\/div>\n\n\n\n<div class=\"wp-block-group alignfull\"><div class=\"wp-block-group__inner-container is-layout-constrained wp-block-group-is-layout-constrained\">\n<div class=\"wp-block-group\"><div class=\"wp-block-group__inner-container is-layout-constrained wp-block-group-is-layout-constrained\">\n<h1 class=\"wp-block-heading\" id=\"kontakt\" style=\"font-size:45px\"><strong>Kontakt<\/strong><\/h1>\n\n\n\n<p class=\"has-medium-font-size\">Zapraszam do kontaktu! Je\u015bli masz pytania, chcesz om\u00f3wi\u0107 szczeg\u00f3\u0142y projektu lub po prostu dowiedzie\u0107 si\u0119 wi\u0119cej o mojej ofercie, jestem do Twojej dyspozycji. Wybierz dogodn\u0105 form\u0119 kontaktu lub skorzystaj z formularza, aby wys\u0142a\u0107 wiadomo\u015b\u0107 bezpo\u015brednio przez stron\u0119.<\/p>\n\n\n\n<p class=\"has-medium-font-size\"><strong>Dane Kontaktowe<\/strong><\/p>\n\n\n\n<ul class=\"wp-block-list\">\n<li class=\"has-medium-font-size\"><strong>Telefon<\/strong>: +48 500 191 551<\/li>\n\n\n\n<li class=\"has-medium-font-size\"><strong>E-mail<\/strong>: <a href=\"mailto:olkowskap@gmail.com\">olkowskap@gmail.com<\/a><\/li>\n<\/ul>\n<\/div><\/div>\n<\/div><\/div>\n\n\n<style id=\"wpforms-css-vars-root\">\n\t\t\t\t:root {\n\t\t\t\t\t--wpforms-field-border-radius: 3px;\n--wpforms-field-border-style: solid;\n--wpforms-field-border-size: 1px;\n--wpforms-field-background-color: #ffffff;\n--wpforms-field-border-color: rgba( 0, 0, 0, 0.25 );\n--wpforms-field-border-color-spare: rgba( 0, 0, 0, 0.25 );\n--wpforms-field-text-color: rgba( 0, 0, 0, 0.7 );\n--wpforms-field-menu-color: #ffffff;\n--wpforms-label-color: rgba( 0, 0, 0, 0.85 );\n--wpforms-label-sublabel-color: rgba( 0, 0, 0, 0.55 );\n--wpforms-label-error-color: #d63637;\n--wpforms-button-border-radius: 3px;\n--wpforms-button-border-style: none;\n--wpforms-button-border-size: 1px;\n--wpforms-button-background-color: #066aab;\n--wpforms-button-border-color: #066aab;\n--wpforms-button-text-color: #ffffff;\n--wpforms-page-break-color: #066aab;\n--wpforms-background-image: none;\n--wpforms-background-position: center center;\n--wpforms-background-repeat: no-repeat;\n--wpforms-background-size: cover;\n--wpforms-background-width: 100px;\n--wpforms-background-height: 100px;\n--wpforms-background-color: rgba( 0, 0, 0, 0 );\n--wpforms-background-url: none;\n--wpforms-container-padding: 0px;\n--wpforms-container-border-style: none;\n--wpforms-container-border-width: 1px;\n--wpforms-container-border-color: #000000;\n--wpforms-container-border-radius: 3px;\n--wpforms-field-size-input-height: 43px;\n--wpforms-field-size-input-spacing: 15px;\n--wpforms-field-size-font-size: 16px;\n--wpforms-field-size-line-height: 19px;\n--wpforms-field-size-padding-h: 14px;\n--wpforms-field-size-checkbox-size: 16px;\n--wpforms-field-size-sublabel-spacing: 5px;\n--wpforms-field-size-icon-size: 1;\n--wpforms-label-size-font-size: 16px;\n--wpforms-label-size-line-height: 19px;\n--wpforms-label-size-sublabel-font-size: 14px;\n--wpforms-label-size-sublabel-line-height: 17px;\n--wpforms-button-size-font-size: 17px;\n--wpforms-button-size-height: 41px;\n--wpforms-button-size-padding-h: 15px;\n--wpforms-button-size-margin-top: 10px;\n--wpforms-container-shadow-size-box-shadow: none;\n\n\t\t\t\t}\n\t\t\t<\/style><div class=\"wpforms-container wpforms-container-full wpforms-block wpforms-block-bda3657f-ea2a-4ee9-ad0d-44070287b084 wpforms-render-modern\" id=\"wpforms-97\"><form id=\"wpforms-form-97\" class=\"wpforms-validate wpforms-form wpforms-ajax-form\" data-formid=\"97\" method=\"post\" enctype=\"multipart\/form-data\" action=\"\/index.php\/wp-json\/wp\/v2\/pages\/11\" data-token=\"9b2e7644d3e3ba241aad45942ca05b9e\" data-token-time=\"1775712525\"><noscript class=\"wpforms-error-noscript\">Please enable JavaScript in your browser to complete this form.<\/noscript><div class=\"wpforms-hidden\" id=\"wpforms-error-noscript\">Please enable JavaScript in your browser to complete this form.<\/div><div class=\"wpforms-field-container\"><div id=\"wpforms-97-field_1-container\" class=\"wpforms-field wpforms-field-name\" data-field-id=\"1\"><fieldset><legend class=\"wpforms-field-label\">Imi\u0119 i nazwisko <span class=\"wpforms-required-label\" aria-hidden=\"true\">*<\/span><\/legend><div class=\"wpforms-field-row wpforms-field-medium\"><div class=\"wpforms-field-row-block wpforms-first wpforms-one-half\"><input type=\"text\" id=\"wpforms-97-field_1\" class=\"wpforms-field-name-first wpforms-field-required\" name=\"wpforms[fields][1][first]\" aria-errormessage=\"wpforms-97-field_1-error\" required><label for=\"wpforms-97-field_1\" class=\"wpforms-field-sublabel after\">First<\/label><\/div><div class=\"wpforms-field-row-block wpforms-one-half\"><input type=\"text\" id=\"wpforms-97-field_1-last\" class=\"wpforms-field-name-last wpforms-field-required\" name=\"wpforms[fields][1][last]\" aria-errormessage=\"wpforms-97-field_1-last-error\" required><label for=\"wpforms-97-field_1-last\" class=\"wpforms-field-sublabel after\">Last<\/label><\/div><\/div><\/fieldset><\/div><div id=\"wpforms-97-field_2-container\" class=\"wpforms-field wpforms-field-email\" data-field-id=\"2\"><label class=\"wpforms-field-label\" for=\"wpforms-97-field_2\">Adres e-mail <span class=\"wpforms-required-label\" aria-hidden=\"true\">*<\/span><\/label><input type=\"email\" id=\"wpforms-97-field_2\" class=\"wpforms-field-medium wpforms-field-required\" name=\"wpforms[fields][2]\" spellcheck=\"false\" aria-errormessage=\"wpforms-97-field_2-error\" required><\/div><div id=\"wpforms-97-field_3-container\" class=\"wpforms-field wpforms-field-textarea\" data-field-id=\"3\"><label class=\"wpforms-field-label\" for=\"wpforms-97-field_3\">Komentarz lub wiadomo\u015b\u0107<\/label><textarea id=\"wpforms-97-field_3\" class=\"wpforms-field-medium\" name=\"wpforms[fields][3]\" aria-errormessage=\"wpforms-97-field_3-error\" ><\/textarea><\/div><\/div><!-- .wpforms-field-container --><div class=\"wpforms-submit-container\" ><input type=\"hidden\" name=\"wpforms[id]\" value=\"97\"><input type=\"hidden\" name=\"page_title\" value=\"\"><input type=\"hidden\" name=\"page_url\" value=\"https:\/\/projectpo.pl\/index.php\/wp-json\/wp\/v2\/pages\/11\"><button type=\"submit\" name=\"wpforms[submit]\" id=\"wpforms-submit-97\" class=\"wpforms-submit\" data-alt-text=\"Wysy\u0142anie...\" data-submit-text=\"Prze\u015blij\" aria-live=\"assertive\" value=\"wpforms-submit\">Prze\u015blij<\/button><img loading=\"lazy\" decoding=\"async\" src=\"https:\/\/projectpo.pl\/wp-content\/plugins\/wpforms-lite\/assets\/images\/submit-spin.svg\" class=\"wpforms-submit-spinner\" style=\"display: none;\" width=\"26\" height=\"26\" alt=\"Loading\"><\/div><\/form><\/div>  <!-- .wpforms-container -->","protected":false},"excerpt":{"rendered":"<p>Witaj na stronie Moje Us\u0142ugi to Project Management Pe\u0142en zakres us\u0142ug zwi\u0105zanych z projektowaniem wn\u0119trz i realizacj\u0105 \u201epod klucz\u201d. O mnie Nazywam si\u0119 Paulina Olkowska. Jestem do\u015bwiadczonym project managerem, specjalizuj\u0105cym si\u0119 w kompleksowych projektach wyko\u0144czeniowych oraz nadzorze realizacji w zakresie projektowania wn\u0119trz, od kameralnych mieszka\u0144 po przestronne domy i apartamenty. Moja pasja do tworzenia unikalnych [&hellip;]<\/p>\n","protected":false},"author":1,"featured_media":0,"parent":0,"menu_order":0,"comment_status":"closed","ping_status":"closed","template":"","meta":{"footnotes":""},"class_list":["post-11","page","type-page","status-publish","hentry","post"],"_links":{"self":[{"href":"https:\/\/projectpo.pl\/index.php\/wp-json\/wp\/v2\/pages\/11","targetHints":{"allow":["GET"]}}],"collection":[{"href":"https:\/\/projectpo.pl\/index.php\/wp-json\/wp\/v2\/pages"}],"about":[{"href":"https:\/\/projectpo.pl\/index.php\/wp-json\/wp\/v2\/types\/page"}],"author":[{"embeddable":true,"href":"https:\/\/projectpo.pl\/index.php\/wp-json\/wp\/v2\/users\/1"}],"replies":[{"embeddable":true,"href":"https:\/\/projectpo.pl\/index.php\/wp-json\/wp\/v2\/comments?post=11"}],"version-history":[{"count":74,"href":"https:\/\/projectpo.pl\/index.php\/wp-json\/wp\/v2\/pages\/11\/revisions"}],"predecessor-version":[{"id":220,"href":"https:\/\/projectpo.pl\/index.php\/wp-json\/wp\/v2\/pages\/11\/revisions\/220"}],"wp:attachment":[{"href":"https:\/\/projectpo.pl\/index.php\/wp-json\/wp\/v2\/media?parent=11"}],"curies":[{"name":"wp","href":"https:\/\/api.w.org\/{rel}","templated":true}]}}